{"id":81,"date":"2013-10-01T11:27:26","date_gmt":"2013-10-01T09:27:26","guid":{"rendered":"http:\/\/localhost:8888\/casacaza\/?page_id=81"},"modified":"2015-07-06T17:08:19","modified_gmt":"2015-07-06T15:08:19","slug":"service","status":"publish","type":"page","link":"https:\/\/www.villa-service-ibiza.com\/de\/service\/","title":{"rendered":"Service"},"content":{"rendered":"<p>Hier bei Villa Service Ibiza m\u00f6chten wir nicht nur das perfekte Objekt f\u00fcr Sie finden, sondern wir sind auch f\u00fcr Sie da, um Sie durch den gesamten Kaufprozess zu begleiten und zu unterst\u00fctzen. Ob Sie sich f\u00fcr eine traditionelle Finca, eine moderne minimalistische Wohnung oder eine moderne Villa interessieren, wir sind f\u00fcr Sie da, um beste Kundenbetreuung vom ersten Besichtigungs-Termin, bis zum Termin beim Notar zu leisten. Unser umfangreiches Netzwerk erm\u00f6glicht es uns, erg\u00e4nzende Dienstleistungen \u00fcber den gesamten Prozess und dar\u00fcber hinaus anzubieten. Beispielsweise die Kontakt-Herstellung mit einem Immobilien-Anwalt oder einem Steuerberater vor Ort, die Sie in Finanzfragen und Verhandlungen mit der Bank beraten. Nutzen Sie die Erfahrung vom Villa Ibiza-Service-Team. Wir w\u00fcnschen Ihnen viel Gl\u00fcck bei der Suche nach Ihrem Traumobjekt.<\/p>","protected":false},"excerpt":{"rendered":"<p>Hier bei Villa Service Ibiza m\u00f6chten wir nicht nur das perfekte Objekt f\u00fcr Sie finden, sondern wir sind auch f\u00fcr [&hellip;]<\/p>\n","protected":false},"author":1,"featured_media":0,"parent":0,"menu_order":0,"comment_status":"open","ping_status":"open","template":"","meta":{"footnotes":""},"class_list":["post-81","page","type-page","status-publish","hentry"],"acf":[],"_links":{"self":[{"href":"https:\/\/www.villa-service-ibiza.com\/de\/wp-json\/wp\/v2\/pages\/81"}],"collection":[{"href":"https:\/\/www.villa-service-ibiza.com\/de\/wp-json\/wp\/v2\/pages"}],"about":[{"href":"https:\/\/www.villa-service-ibiza.com\/de\/wp-json\/wp\/v2\/types\/page"}],"author":[{"embeddable":true,"href":"https:\/\/www.villa-service-ibiza.com\/de\/wp-json\/wp\/v2\/users\/1"}],"replies":[{"embeddable":true,"href":"https:\/\/www.villa-service-ibiza.com\/de\/wp-json\/wp\/v2\/comments?post=81"}],"version-history":[{"count":19,"href":"https:\/\/www.villa-service-ibiza.com\/de\/wp-json\/wp\/v2\/pages\/81\/revisions"}],"predecessor-version":[{"id":4793,"href":"https:\/\/www.villa-service-ibiza.com\/de\/wp-json\/wp\/v2\/pages\/81\/revisions\/4793"}],"wp:attachment":[{"href":"https:\/\/www.villa-service-ibiza.com\/de\/wp-json\/wp\/v2\/media?parent=81"}],"curies":[{"name":"wp","href":"https:\/\/api.w.org\/{rel}","templated":true}]}}