{"id":4,"date":"2013-09-25T16:51:03","date_gmt":"2013-09-25T14:51:03","guid":{"rendered":"http:\/\/localhost:8888\/casacaza\/?page_id=4"},"modified":"2015-07-17T10:26:48","modified_gmt":"2015-07-17T08:26:48","slug":"homepage-landing-page","status":"publish","type":"page","link":"https:\/\/www.villa-service-ibiza.com\/de\/","title":{"rendered":"Willkommen bei Villa Service Ibiza"},"content":{"rendered":"<p>Willkommen bei Villa Service Ibiza, Ihrer Immobilien-Agentur auf Ibiza, die sich auf den Kauf und Verkauf von Immobilien, sowie die Vermittlung von Ferienh\u00e4usern spezialisiert hat. Aufgrund unserer jahrelangen Erfahrung und unserem Netzwerk auf der Insel k\u00f6nnen Sie uns Ihr Immobilien-Thema ruhigen Gewissens anvertrauen. Ob Sie nun eine Immobilie kaufen oder nur f\u00fcr einen traumhaften Urlaub mieten m\u00f6chten.<\/p>","protected":false},"excerpt":{"rendered":"<p>Willkommen bei Villa Service Ibiza, Ihrer Immobilien-Agentur auf Ibiza, die sich auf den Kauf und Verkauf von Immobilien, sowie die [&hellip;]<\/p>\n","protected":false},"author":1,"featured_media":0,"parent":0,"menu_order":0,"comment_status":"open","ping_status":"open","template":"page-home.php","meta":{"footnotes":""},"class_list":["post-4","page","type-page","status-publish","hentry"],"acf":[],"_links":{"self":[{"href":"https:\/\/www.villa-service-ibiza.com\/de\/wp-json\/wp\/v2\/pages\/4"}],"collection":[{"href":"https:\/\/www.villa-service-ibiza.com\/de\/wp-json\/wp\/v2\/pages"}],"about":[{"href":"https:\/\/www.villa-service-ibiza.com\/de\/wp-json\/wp\/v2\/types\/page"}],"author":[{"embeddable":true,"href":"https:\/\/www.villa-service-ibiza.com\/de\/wp-json\/wp\/v2\/users\/1"}],"replies":[{"embeddable":true,"href":"https:\/\/www.villa-service-ibiza.com\/de\/wp-json\/wp\/v2\/comments?post=4"}],"version-history":[{"count":26,"href":"https:\/\/www.villa-service-ibiza.com\/de\/wp-json\/wp\/v2\/pages\/4\/revisions"}],"predecessor-version":[{"id":5905,"href":"https:\/\/www.villa-service-ibiza.com\/de\/wp-json\/wp\/v2\/pages\/4\/revisions\/5905"}],"wp:attachment":[{"href":"https:\/\/www.villa-service-ibiza.com\/de\/wp-json\/wp\/v2\/media?parent=4"}],"curies":[{"name":"wp","href":"https:\/\/api.w.org\/{rel}","templated":true}]}}