{"id":10,"date":"2013-09-25T16:55:08","date_gmt":"2013-09-25T14:55:08","guid":{"rendered":"http:\/\/localhost:8888\/casacaza\/?page_id=10"},"modified":"2015-07-17T10:39:50","modified_gmt":"2015-07-17T08:39:50","slug":"verkauf-listing","status":"publish","type":"page","link":"https:\/\/www.villa-service-ibiza.com\/de\/verkauf-listing\/","title":{"rendered":"Ibiza Immobilienverkauf"},"content":{"rendered":"<p>Ob es sich bei Ihrer Traum-Immobilie um ein modernes Apartment, eine Luxus-Villa oder eine traditionelle Finca handelt, sind wir sicher, in unserem Portfolio gibt es das richtige Haus f\u00fcr Sie. Unsere Objekte sind sorgf\u00e4ltig ausgew\u00e4hlt, um jeder M\u00f6gliche Art und jedem Budget gerecht zu werden. Klicken Sie sich durch unser Angebot; wir hoffen, dass Sie Ihr ideales Haus finden.<\/p>","protected":false},"excerpt":{"rendered":"<p>Ob es sich bei Ihrer Traum-Immobilie um ein modernes Apartment, eine Luxus-Villa oder eine traditionelle Finca handelt, sind wir sicher, [&hellip;]<\/p>\n","protected":false},"author":1,"featured_media":0,"parent":0,"menu_order":0,"comment_status":"open","ping_status":"open","template":"page-listing-sale.php","meta":{"footnotes":""},"class_list":["post-10","page","type-page","status-publish","hentry"],"acf":[],"_links":{"self":[{"href":"https:\/\/www.villa-service-ibiza.com\/de\/wp-json\/wp\/v2\/pages\/10"}],"collection":[{"href":"https:\/\/www.villa-service-ibiza.com\/de\/wp-json\/wp\/v2\/pages"}],"about":[{"href":"https:\/\/www.villa-service-ibiza.com\/de\/wp-json\/wp\/v2\/types\/page"}],"author":[{"embeddable":true,"href":"https:\/\/www.villa-service-ibiza.com\/de\/wp-json\/wp\/v2\/users\/1"}],"replies":[{"embeddable":true,"href":"https:\/\/www.villa-service-ibiza.com\/de\/wp-json\/wp\/v2\/comments?post=10"}],"version-history":[{"count":16,"href":"https:\/\/www.villa-service-ibiza.com\/de\/wp-json\/wp\/v2\/pages\/10\/revisions"}],"predecessor-version":[{"id":5906,"href":"https:\/\/www.villa-service-ibiza.com\/de\/wp-json\/wp\/v2\/pages\/10\/revisions\/5906"}],"wp:attachment":[{"href":"https:\/\/www.villa-service-ibiza.com\/de\/wp-json\/wp\/v2\/media?parent=10"}],"curies":[{"name":"wp","href":"https:\/\/api.w.org\/{rel}","templated":true}]}}